{"id":2,"date":"2025-07-07T22:54:41","date_gmt":"2025-07-07T20:54:41","guid":{"rendered":"https:\/\/bewerten-sie-uns.org\/?page_id=2"},"modified":"2025-07-11T11:54:12","modified_gmt":"2025-07-11T09:54:12","slug":"bewerten-sie-uns","status":"publish","type":"page","link":"https:\/\/bewerten-sie-uns.org\/","title":{"rendered":"Bewerten-sie-uns"},"content":{"rendered":"<p>[et_pb_section fb_built=&#8220;1&#8243; custom_padding_last_edited=&#8220;on|phone&#8220; admin_label=&#8220;Header&#8220; _builder_version=&#8220;4.27.4&#8243; use_background_color_gradient=&#8220;on&#8220; background_color_gradient_type=&#8220;circular&#8220; background_color_gradient_direction_radial=&#8220;right&#8220; background_color_gradient_stops=&#8220;rgba(255,255,255,0) 0%|#f9fafc 100%&#8220; background_color_gradient_overlays_image=&#8220;on&#8220; background_color_gradient_start=&#8220;rgba(255,255,255,0)&#8220; background_color_gradient_end=&#8220;#f9fafc&#8220; background_image=&#8220;https:\/\/bewerten-sie-uns.org\/wp-content\/uploads\/2025\/07\/dentist-03.jpg&#8220; parallax=&#8220;on&#8220; parallax_method=&#8220;off&#8220; min_height=&#8220;500px&#8220; custom_margin=&#8220;|||&#8220; custom_padding=&#8220;5vw||5vw||true|false&#8220; custom_padding_tablet=&#8220;||||false|false&#8220; custom_padding_phone=&#8220;||||false|false&#8220; hover_enabled=&#8220;0&#8243; global_colors_info=&#8220;{}&#8220; sticky_enabled=&#8220;0&#8243;][et_pb_row column_structure=&#8220;1_2,1_2&#8243; _builder_version=&#8220;4.16&#8243; max_width=&#8220;1280px&#8220; hover_enabled=&#8220;0&#8243; use_custom_width=&#8220;on&#8220; custom_width_px=&#8220;1280px&#8220; global_colors_info=&#8220;{}&#8220; sticky_enabled=&#8220;0&#8243;][et_pb_column type=&#8220;1_2&#8243; _builder_version=&#8220;4.16&#8243; custom_padding=&#8220;|||&#8220; global_colors_info=&#8220;{}&#8220; custom_padding__hover=&#8220;|||&#8220;][et_pb_text admin_label=&#8220;Bewerten Sie uns&#8220; _builder_version=&#8220;4.27.4&#8243; text_font=&#8220;||||||||&#8220; header_font=&#8220;Cantata One||||||||&#8220; header_font_size=&#8220;50px&#8220; header_line_height=&#8220;1.4em&#8220; header_2_font=&#8220;||||||||&#8220; header_2_text_color=&#8220;rgba(0,0,0,0.35)&#8220; header_2_font_size=&#8220;20px&#8220; header_2_line_height=&#8220;1.6em&#8220; text_orientation=&#8220;center&#8220; animation_style=&#8220;slide&#8220; animation_direction=&#8220;bottom&#8220; hover_enabled=&#8220;0&#8243; header_font_size_tablet=&#8220;35px&#8220; header_font_size_phone=&#8220;25px&#8220; header_font_size_last_edited=&#8220;on|desktop&#8220; global_colors_info=&#8220;{}&#8220; sticky_enabled=&#8220;0&#8243;]<\/p>\n<h1 style=\"text-align: left;\">Bewerten Sie uns<\/h1>\n<p style=\"text-align: left;\">F\u00fcr die Bewertung auf Google ben\u00f6tigen Sie ein Google-Konto. Wenn Sie kein Konto haben, k\u00f6nnen Sie dieses leicht erstellen. Daf\u00fcr m\u00fcssen Sie nur Ihren oder einen beliebigen Namen und Ihre Mobilnummer zur Verifizierung eingeben.<\/p>\n<p style=\"text-align: left;\">Bitte achten Sie nach der Abgabe Ihrer Bewertung auf Ihren E-Mail-Posteingang. Sie m\u00fcssen Ihre Bewertung in dem Link, den das Portal verschickt, freigeben. Erst dann ist diese f\u00fcr andere sichtbar.<\/p>\n<h2><\/h2>\n<p>[\/et_pb_text][\/et_pb_column][et_pb_column type=&#8220;1_2&#8243; _builder_version=&#8220;4.16&#8243; custom_padding=&#8220;|||&#8220; global_colors_info=&#8220;{}&#8220; custom_padding__hover=&#8220;|||&#8220;][\/et_pb_column][\/et_pb_row][et_pb_row column_structure=&#8220;1_3,1_3,1_3&#8243; _builder_version=&#8220;4.27.4&#8243; max_width=&#8220;1280px&#8220; custom_margin=&#8220;0px||0px||true|false&#8220; use_custom_width=&#8220;on&#8220; custom_width_px=&#8220;1280px&#8220; global_colors_info=&#8220;{}&#8220;][et_pb_column type=&#8220;1_3&#8243; _builder_version=&#8220;4.16&#8243; background_color=&#8220;rgba(224,153,0,0.16)&#8220; custom_padding=&#8220;|||&#8220; global_colors_info=&#8220;{}&#8220; custom_padding__hover=&#8220;|||&#8220;][et_pb_text _builder_version=&#8220;4.27.4&#8243; _module_preset=&#8220;default&#8220; hover_enabled=&#8220;0&#8243; global_colors_info=&#8220;{}&#8220; sticky_enabled=&#8220;0&#8243; min_height=&#8220;300px&#8220; height=&#8220;300px&#8220; max_height=&#8220;300px&#8220;]<\/p>\n<h3 style=\"text-align: center;\"><\/h3>\n<h3 style=\"text-align: center;\">Bewertung bei Google<\/h3>\n<p style=\"text-align: center;\"><img loading=\"lazy\" decoding=\"async\" src=\"https:\/\/bewerten-sie-uns.org\/wp-content\/uploads\/2025\/07\/Google-Rezension-Aufforderung-Praxis-Dreissig.png\" width=\"132\" height=\"132\" alt=\"\" class=\"wp-image-40 alignnone size-full\" \/><\/p>\n<p style=\"text-align: center;\">F\u00fcr die Bewertung auf Google nutzen Sie<\/p>\n<p style=\"text-align: center;\">bitte den QR-Code oder <a href=\"https:\/\/g.page\/r\/CYVwgtuzk4VBEAE\/review\">diesen Link.<\/a><\/p>\n<p>[\/et_pb_text][\/et_pb_column][et_pb_column type=&#8220;1_3&#8243; _builder_version=&#8220;4.16&#8243; custom_padding=&#8220;|||&#8220; global_colors_info=&#8220;{}&#8220; custom_padding__hover=&#8220;|||&#8220;][et_pb_text admin_label=&#8220;Bewertung bei Jameda&#8220; _builder_version=&#8220;4.27.4&#8243; text_font=&#8220;||||||||&#8220; header_font=&#8220;Cantata One||||||||&#8220; header_font_size=&#8220;50px&#8220; header_line_height=&#8220;1.4em&#8220; header_2_font=&#8220;||||||||&#8220; header_2_text_color=&#8220;rgba(0,0,0,0.35)&#8220; header_2_font_size=&#8220;20px&#8220; header_2_line_height=&#8220;1.6em&#8220; background_color=&#8220;rgba(237,240,0,0.24)&#8220; text_orientation=&#8220;center&#8220; custom_margin=&#8220;||22px|||&#8220; custom_padding=&#8220;||135px|||&#8220; animation_style=&#8220;slide&#8220; animation_direction=&#8220;bottom&#8220; hover_enabled=&#8220;0&#8243; header_font_size_tablet=&#8220;35px&#8220; header_font_size_phone=&#8220;25px&#8220; header_font_size_last_edited=&#8220;on|desktop&#8220; global_colors_info=&#8220;{}&#8220; module_alignment=&#8220;center&#8220; min_height=&#8220;300px&#8220; max_height=&#8220;300px&#8220; height=&#8220;300px&#8220; sticky_enabled=&#8220;0&#8243;]<\/p>\n<h3><\/h3>\n<h3>Bewertung bei Jameda<\/h3>\n<p><img loading=\"lazy\" decoding=\"async\" src=\"https:\/\/bewerten-sie-uns.org\/wp-content\/uploads\/2025\/07\/IMG-20250710-WA0003-300x300.jpg\" width=\"147\" height=\"147\" alt=\"\" class=\"wp-image-64 alignnone size-medium\" \/><\/p>\n<p>F\u00fcr die Bewertung bei Jameda nutzen Sie<\/p>\n<p>bitte den QR-Code oder<a href=\"https:\/\/www.jameda.de\/bewertung-schreiben\/jens-dreissig#\/erfahrung\">\u00a0diesen Link<\/a><\/p>\n<h2><\/h2>\n<p>[\/et_pb_text][\/et_pb_column][et_pb_column type=&#8220;1_3&#8243; _builder_version=&#8220;4.16&#8243; custom_padding=&#8220;|||&#8220; global_colors_info=&#8220;{}&#8220; custom_padding__hover=&#8220;|||&#8220;][\/et_pb_column][\/et_pb_row][\/et_pb_section]<\/p>\n","protected":false},"excerpt":{"rendered":"<p>Bewerten Sie uns F\u00fcr die Bewertung auf Google ben\u00f6tigen Sie ein Google-Konto. Wenn Sie kein Konto haben, k\u00f6nnen Sie dieses leicht erstellen. Daf\u00fcr m\u00fcssen Sie nur Ihren oder einen beliebigen Namen und Ihre Mobilnummer zur Verifizierung eingeben. Bitte achten Sie nach der Abgabe Ihrer Bewertung auf Ihren E-Mail-Posteingang. Sie m\u00fcssen Ihre Bewertung in dem Link, [&hellip;]<\/p>\n","protected":false},"author":1,"featured_media":0,"parent":0,"menu_order":0,"comment_status":"open","ping_status":"closed","template":"page-template-blank.php","meta":{"_et_pb_use_builder":"on","_et_pb_old_content":"<!-- wp:paragraph -->\n<p>Dies ist eine Beispiel-Seite. Sie unterscheidet sich von Beitr\u00e4gen, da sie stets an derselben Stelle bleibt und (bei den meisten Themes) in der Website-Navigation angezeigt wird. Die meisten starten mit einem Impressum, der Datenschutzerkl\u00e4rung oder einer \u201e\u00dcber\u00a0uns\u201c-Seite, um sich potenziellen Besuchern der Website vorzustellen. Dort k\u00f6nnte zum Beispiel stehen:<\/p>\n<!-- \/wp:paragraph -->\n\n<!-- wp:quote -->\n<blockquote class=\"wp-block-quote\"><p>Hallo! Tags\u00fcber arbeite ich als Fahrradkurier, nachts bin ich ein aufstrebender Schauspieler und dies hier ist meine Website. Ich lebe in Berlin, habe einen gro\u00dfen Hund namens Jack, mag Pi&#241;a Coladas, jedoch weniger (ohne Schirm) im Regen stehen gelassen zu werden.<\/p><\/blockquote>\n<!-- \/wp:quote -->\n\n<!-- wp:paragraph -->\n<p>\u2026\u00a0oder so etwas wie:<\/p>\n<!-- \/wp:paragraph -->\n\n<!-- wp:quote -->\n<blockquote class=\"wp-block-quote\"><p>Das Unternehmen XYZ wurde 1971 gegr\u00fcndet und versorgt die \u00d6ffentlichkeit seither mit qualitativ hochwertigen Produkten. An seinem Standort in einer kleinen Gro\u00dfstadt besch\u00e4ftigt der Betrieb \u00fcber 2.000 Menschen und unterst\u00fctzt die Stadtbewohner in vielfacher Hinsicht.<\/p><\/blockquote>\n<!-- \/wp:quote -->\n\n<!-- wp:paragraph -->\n<p>Als neuer WordPress-Benutzer solltest du <a href=\"https:\/\/bewerten-sie-uns.org\/wp-admin\/\">dein Dashboard<\/a> aufrufen, um diese Seite zu l\u00f6schen und neue Seiten und Beitr\u00e4ge f\u00fcr deine Website erstellen. Viel Spa\u00df!<\/p>\n<!-- \/wp:paragraph -->","_et_gb_content_width":"","footnotes":""},"class_list":["post-2","page","type-page","status-publish","hentry"],"_links":{"self":[{"href":"https:\/\/bewerten-sie-uns.org\/index.php\/wp-json\/wp\/v2\/pages\/2","targetHints":{"allow":["GET"]}}],"collection":[{"href":"https:\/\/bewerten-sie-uns.org\/index.php\/wp-json\/wp\/v2\/pages"}],"about":[{"href":"https:\/\/bewerten-sie-uns.org\/index.php\/wp-json\/wp\/v2\/types\/page"}],"author":[{"embeddable":true,"href":"https:\/\/bewerten-sie-uns.org\/index.php\/wp-json\/wp\/v2\/users\/1"}],"replies":[{"embeddable":true,"href":"https:\/\/bewerten-sie-uns.org\/index.php\/wp-json\/wp\/v2\/comments?post=2"}],"version-history":[{"count":2,"href":"https:\/\/bewerten-sie-uns.org\/index.php\/wp-json\/wp\/v2\/pages\/2\/revisions"}],"predecessor-version":[{"id":69,"href":"https:\/\/bewerten-sie-uns.org\/index.php\/wp-json\/wp\/v2\/pages\/2\/revisions\/69"}],"wp:attachment":[{"href":"https:\/\/bewerten-sie-uns.org\/index.php\/wp-json\/wp\/v2\/media?parent=2"}],"curies":[{"name":"wp","href":"https:\/\/api.w.org\/{rel}","templated":true}]}}